{"id":2,"date":"2023-02-02T19:32:20","date_gmt":"2023-02-02T18:32:20","guid":{"rendered":"https:\/\/www.c3solutions.sk\/dtp\/?page_id=2"},"modified":"2024-01-05T14:15:05","modified_gmt":"2024-01-05T13:15:05","slug":"ukazkova-stranka","status":"publish","type":"page","link":"https:\/\/dtp.nonazdar.sk\/index.php\/ukazkova-stranka\/","title":{"rendered":"Kto som"},"content":{"rendered":"\n<p>Vol\u00e1m sa Jana Nemcov\u00e1 a b\u00fdvam v obci Su\u010dany na strednom Slovensku. Narodila som sa v roku V roku  1984 v Martine. <\/p>\n\n\n\n<p>V roku 2002 som vy\u0161tudovala stredn\u00fa odborn\u00fa \u0161kolu zameran\u00fa na odbor reproduk\u010dn\u00fd grafik, kde som z\u00edskala teoretick\u00e9 vedomosti spojen\u00e9 s v\u00fdrobou fotografie klasick\u00fdm sp\u00f4sobom, ma\u013ebou, pr\u00e1cou <br>v grafick\u00fdm programoch, pr\u00edpravou diela pred tla\u010dou prepress, samotn\u00e1 tla\u010d a postpress <br>a v neposlednom rade praktick\u00e9 sk\u00fasenosti v niekdaj\u0161om podniku Neografia a.s.<\/p>\n\n\n\n<p>Po\u010das mojej akt\u00edvnej pracovnej kari\u00e9ry som pracovala a pracujem pre viac vydavate\u013estiev.<\/p>\n\n\n\n<p>V s\u00fa\u010dasnosti pracujem na TPP pre Slovensk\u00e1 n\u00e1rodn\u00e1 kni\u017enica.<\/p>\n\n\n\n<p><\/p>\n\n\n\n<blockquote class=\"wp-block-quote is-layout-flow wp-block-quote-is-layout-flow\">\n<p><\/p>\n<\/blockquote>\n\n\n\n<p><\/p>\n\n\n\n<p><\/p>\n","protected":false},"excerpt":{"rendered":"<p>Vol\u00e1m sa Jana Nemcov\u00e1 a b\u00fdvam v obci Su\u010dany na strednom Slovensku. Narodila som sa v roku V roku 1984 v Martine. V roku 2002 som vy\u0161tudovala stredn\u00fa odborn\u00fa \u0161kolu zameran\u00fa na odbor reproduk\u010dn\u00fd grafik, kde som z\u00edskala teoretick\u00e9 vedomosti spojen\u00e9 s v\u00fdrobou fotografie klasick\u00fdm sp\u00f4sobom, ma\u013ebou, pr\u00e1cou v grafick\u00fdm programoch, pr\u00edpravou diela pred tla\u010dou [&hellip;]<\/p>\n","protected":false},"author":1,"featured_media":0,"parent":0,"menu_order":0,"comment_status":"closed","ping_status":"closed","template":"","meta":{"_monsterinsights_skip_tracking":false,"_monsterinsights_sitenote_active":false,"_monsterinsights_sitenote_note":"","_monsterinsights_sitenote_category":0,"footnotes":""},"class_list":["post-2","page","type-page","status-publish","hentry"],"amp_enabled":true,"_links":{"self":[{"href":"https:\/\/dtp.nonazdar.sk\/index.php\/wp-json\/wp\/v2\/pages\/2","targetHints":{"allow":["GET"]}}],"collection":[{"href":"https:\/\/dtp.nonazdar.sk\/index.php\/wp-json\/wp\/v2\/pages"}],"about":[{"href":"https:\/\/dtp.nonazdar.sk\/index.php\/wp-json\/wp\/v2\/types\/page"}],"author":[{"embeddable":true,"href":"https:\/\/dtp.nonazdar.sk\/index.php\/wp-json\/wp\/v2\/users\/1"}],"replies":[{"embeddable":true,"href":"https:\/\/dtp.nonazdar.sk\/index.php\/wp-json\/wp\/v2\/comments?post=2"}],"version-history":[{"count":0,"href":"https:\/\/dtp.nonazdar.sk\/index.php\/wp-json\/wp\/v2\/pages\/2\/revisions"}],"wp:attachment":[{"href":"https:\/\/dtp.nonazdar.sk\/index.php\/wp-json\/wp\/v2\/media?parent=2"}],"curies":[{"name":"wp","href":"https:\/\/api.w.org\/{rel}","templated":true}]}}